{"id":2010,"date":"2025-11-13T07:43:20","date_gmt":"2025-11-13T06:43:20","guid":{"rendered":"https:\/\/weldedstructures.eu\/datenschutzbestimmungen\/"},"modified":"2025-11-13T07:43:20","modified_gmt":"2025-11-13T06:43:20","slug":"datenschutzbestimmungen","status":"publish","type":"page","link":"https:\/\/weldedstructures.eu\/de\/datenschutzbestimmungen\/","title":{"rendered":"Datenschutzbestimmungen"},"content":{"rendered":"<p>Datum des Inkrafttretens: 07-Mar-2024<br \/>\nLetzte Aktualisierung: 07-Mar-2024<\/p>\n<h5>Was sind Cookies?<\/h5>\n<p>Diese Cookie-Richtlinie erkl\u00e4rt, was Cookies sind und wie wir sie verwenden, welche Arten von Cookies wir verwenden, d.h. welche Informationen wir durch Cookies sammeln und wie diese Informationen verwendet werden, und wie Sie Ihre Cookie-Einstellungen verwalten k\u00f6nnen. <\/p>\n<p>Cookies sind kleine Textdateien, die dazu dienen, kleine Informationen zu speichern. Sie werden auf Ihrem Ger\u00e4t gespeichert, wenn eine Website in Ihrem Browser geladen wird. Cookies helfen uns, die Website ordnungsgem\u00e4\u00df zu betreiben, sie sicherer zu machen, die Benutzerfreundlichkeit zu verbessern und zu verstehen, wie die Website funktioniert und zu analysieren, was funktioniert und was verbessert werden muss.  <\/p>\n<h5>Wie verwenden wir Cookies?<\/h5>\n<p>Wie die meisten Online-Dienste verwendet auch unsere Website Cookies von Erst- und Drittanbietern f\u00fcr verschiedene Zwecke. Cookies von Erstanbietern sind haupts\u00e4chlich f\u00fcr das ordnungsgem\u00e4\u00dfe Funktionieren der Website erforderlich und erfassen keine pers\u00f6nlichen Daten von Ihnen. <\/p>\n<p>Die auf unserer Website verwendeten Cookies von Drittanbietern werden haupts\u00e4chlich dazu verwendet, um zu verstehen, wie die Website funktioniert, wie Sie mit unserer Website interagieren, um die Sicherheit unserer Dienste aufrechtzuerhalten, um Ihnen Werbung zu liefern, die f\u00fcr Sie relevant ist, und ganz allgemein, um eine bessere und verbesserte Benutzererfahrung zu bieten und Ihre zuk\u00fcnftigen Interaktionen mit unserer Website zu beschleunigen.<\/p>\n<h5>Arten von Cookies, die wir verwenden<\/h5>\n<h5>Cookie-Einstellungen verwalten<\/h5>\n<h2><a>Einstellungen f\u00fcr Cookies<\/a><\/h2>\n<p>Sie k\u00f6nnen Ihre Cookie-Einstellungen jederzeit \u00e4ndern, indem Sie auf die Schaltfl\u00e4che oben klicken. So k\u00f6nnen Sie das Banner mit der Cookie-Zustimmung erneut aufrufen und Ihre Einstellungen \u00e4ndern oder Ihre Zustimmung sofort widerrufen. <\/p>\n<p>Dar\u00fcber hinaus bieten verschiedene Browser unterschiedliche Methoden zum Blockieren und L\u00f6schen von Cookies, die von Websites verwendet werden. Sie k\u00f6nnen die Einstellungen Ihres Browsers \u00e4ndern, um Cookies zu blockieren\/l\u00f6schen. Nachstehend finden Sie Links zu Support-Dokumenten, die Ihnen zeigen, wie Sie Cookies in den wichtigsten Webbrowsern verwalten und l\u00f6schen k\u00f6nnen.  <\/p>\n<p>Chrom: <a href=\"https:\/\/support.google.com\/accounts\/answer\/32050\">https:\/\/support.google.com\/accounts\/answer\/32050<\/a><\/p>\n<p>Safari: <a href=\"https:\/\/support.apple.com\/en-in\/guide\/safari\/sfri11471\/mac\">https:\/\/support.apple.com\/en-in\/guide\/safari\/sfri11471\/mac<\/a><\/p>\n<p>Firefox: <a href=\"https:\/\/support.mozilla.org\/en-US\/kb\/clear-cookies-and-site-data-firefox\">https:\/\/support.mozilla.org\/en-US\/kb\/clear-cookies-and-site-data-firefox<\/a><\/p>\n<p>Internet Explorer: <a href=\"https:\/\/support.microsoft.com\/en-us\/topic\/how-to-delete-cookie-files-in-internet-explorer-bca9446f-d873-78de-77ba-d42645fa52fc\">https:\/\/support.microsoft.com\/en-us\/topic\/how-to-delete-cookie-files-in-internet-explorer-bca9446f-d873-78de-77ba-d42645fa52fc<\/a><\/p>\n<p>Wenn Sie einen anderen Webbrowser verwenden, lesen Sie bitte die offiziellen Support-Dokumente Ihres Browsers.<\/p>\n<h2>Diese Datenschutzrichtlinie beschreibt, wie wir Informationen \u00fcber Sie, einschlie\u00dflich personenbezogener Daten und Cookies, verarbeiten. <\/h2>\n<hr>\n<h2><strong>1. allgemeine Informationen<\/strong><\/h2>\n<ol>\n<li>Diese Richtlinie gilt f\u00fcr die Website, die unter der Url:  <strong>Spot-On Welding Sp. z o.o. <\/strong><\/li>\n<li>Der Betreiber des Dienstes und Verwalter der pers\u00f6nlichen Daten ist: Daniel Sydorowski ul. Krzy\u017cowa 3, 40-111 Katowice <\/li>\n<li>E-Mail-Kontaktadresse des Betreibers: konstrukcjespawane@gmail.com<\/li>\n<li>Der Betreiber ist der Verwalter Ihrer pers\u00f6nlichen Daten in Bezug auf die Daten, die Sie freiwillig auf der Website angeben.<\/li>\n<li>Der Dienst verwendet personenbezogene Daten f\u00fcr die folgenden Zwecke:\n<ul>\n<li>Bearbeitung von Anfragen \u00fcber das Formular<\/li>\n<li>Erbringung der gew\u00fcnschten Dienstleistungen<\/li>\n<li>Pr\u00e4sentation eines Angebots oder einer Information<\/li>\n<\/ul>\n<\/li>\n<li>Der Dienst f\u00fchrt Funktionen aus, um Informationen \u00fcber die Benutzer und ihr Verhalten auf folgende Weise zu erhalten:\n<ol>\n<li>Durch die freiwillig in die Formulare eingegebenen Daten, die in die Systeme des Betreibers eingegeben werden.<\/li>\n<li>Durch die Speicherung von Cookies (sogenannten &#8222;Cookies&#8220;) auf den Endger\u00e4ten.<\/li>\n<\/ol>\n<\/li>\n<\/ol>\n<h2><strong>2. ausgew\u00e4hlte Datenschutzmethoden des Betreibers<\/strong><\/h2>\n<ol>\n<li>Die in der Datenbank gespeicherten pers\u00f6nlichen Daten werden so verschl\u00fcsselt, dass nur diejenigen, die den Operator-Schl\u00fcssel besitzen, sie lesen k\u00f6nnen.<\/li>\n<li>Benutzerpassw\u00f6rter werden in gehashter Form gespeichert.<\/li>\n<li>Der Betreiber \u00e4ndert in regelm\u00e4\u00dfigen Abst\u00e4nden seine administrativen Passw\u00f6rter.<\/li>\n<li>Der Betreiber macht regelm\u00e4\u00dfig Backups.<\/li>\n<li>Der Betreiber aktualisiert die Software, die zur Verarbeitung personenbezogener Daten verwendet wird.<\/li>\n<\/ol>\n<h2><strong>3. hosting<\/strong><\/h2>\n<ol>\n<li>Der Dienst wird auf den Servern des Betreibers gehostet: hekko.pl<\/li>\n<li>Registrierungsdaten: H88 S.A., 22 Franklin Roosevelt Street, 60-829 Pozna\u0144, KRS 0000612359, REGON 364261632, NIP 7822622168. <\/li>\n<li>Weitere Informationen: <a href=\"https:\/\/hekko.pl\/\">https:\/\/hekko.pl<\/a><\/li>\n<li>Hosting-Unternehmen:\n<ul>\n<li>wendet Ma\u00dfnahmen zum Schutz vor Datenverlust an,<\/li>\n<li>wendet Ma\u00dfnahmen zum Schutz von Verarbeitungsstandorten an,<\/li>\n<li>verwendet Notstromsysteme,<\/li>\n<li>nutzt die Zugangskontrolle, \u00dcberwachung und Klimatisierung des Serverraums,<\/li>\n<li>bietet Schulungen an und verf\u00fcgt \u00fcber Sicherheitsrichtlinien,<\/li>\n<li>hat einen Datenschutzbeauftragten ernannt.<\/li>\n<\/ul>\n<\/li>\n<li>Das Hosting-Unternehmen unterh\u00e4lt Serverprotokolle, die unter anderem Folgendes aufzeichnen:\n<ul>\n<li>URLs, Anfrage- und Antwortzeiten,<\/li>\n<li>Name der Client-Station, HTTP-Fehler,<\/li>\n<li>die URL der verweisenden Seite,<\/li>\n<li>Informationen \u00fcber Ihren Browser und Ihre IP-Adresse,<\/li>\n<li>Diagnosedaten in Bezug auf Bestellungen und Postbearbeitung.<\/li>\n<\/ul>\n<\/li>\n<\/ol>\n<h2><strong>4. Ihre Rechte und zus\u00e4tzliche Informationen \u00fcber die Verwendung Ihrer Daten<\/strong><\/h2>\n<ol>\n<li>Die Daten k\u00f6nnen an andere Empf\u00e4nger weitergegeben werden, z. B. an ein Hosting-Unternehmen oder Marketingfirmen.<\/li>\n<li>Die Daten werden so lange verarbeitet, wie es f\u00fcr die Zwecke der Verarbeitung erforderlich ist.<\/li>\n<li>Sie haben das Recht zu fordern:\n<ul>\n<li>Zugang zu Daten,<\/li>\n<li>Berichtigung,<\/li>\n<li>L\u00f6schungen,<\/li>\n<li>Einschr\u00e4nkung der Verarbeitung,<\/li>\n<li>Daten\u00fcbertragbarkeit.<\/li>\n<\/ul>\n<\/li>\n<li>Sie haben das Recht, der Verarbeitung zu Marketingzwecken zu widersprechen.<\/li>\n<li>Sie haben das Recht, eine Beschwerde beim Pr\u00e4sidenten von UODO, ul. Stawki 2, 00-193 Warschau, einzureichen. <\/li>\n<li>Die Angabe von Daten ist freiwillig, aber f\u00fcr die Nutzung der Website erforderlich.<\/li>\n<li>Die Daten werden nicht au\u00dferhalb der Europ\u00e4ischen Union \u00fcbertragen.<\/li>\n<\/ol>\n<h2><strong>5. Informationen zu den Formularen<\/strong><\/h2>\n<ol>\n<li>Der Dienst sammelt Informationen, die der Benutzer freiwillig zur Verf\u00fcgung stellt.<\/li>\n<li>Der Dienst kann Verbindungsinformationen (Zeit, IP-Adresse) aufzeichnen.<\/li>\n<li>Die Daten werden entsprechend der Funktion des Formulars verarbeitet.<\/li>\n<\/ol>\n<h2><strong>6 Administrator-Protokolle<\/strong><\/h2>\n<ol>\n<li>Informationen \u00fcber das Nutzerverhalten k\u00f6nnen protokolliert und zur Verwaltung des Dienstes verwendet werden.<\/li>\n<\/ol>\n<h2><strong>7 Relevante Marketingtechniken<\/strong><\/h2>\n<ol>\n<li>Der Betreiber verwendet Google Analytics &#8211; die Daten sind anonymisiert.<\/li>\n<li>Der Betreiber verwendet Remarketing-Techniken (z.B. Google, Facebook), die Cookies verwenden, aber keine pers\u00f6nlichen Daten \u00fcbertragen.<\/li>\n<\/ol>\n<h2><strong>8 Informationen \u00fcber Cookies<\/strong><\/h2>\n<ol>\n<li>Die Website verwendet Cookies.<\/li>\n<li>Cookies sind Textdateien, die auf dem Endger\u00e4t des Benutzers gespeichert werden.<\/li>\n<li>Die Person, die die Cookies platziert, ist der Betreiber der Website.<\/li>\n<li>Cookies werden unter anderem zur Sitzungspflege und f\u00fcr Marketingaktivit\u00e4ten verwendet. <\/li>\n<li>Wir unterscheiden zwischen Sitzungscookies und dauerhaften Cookies.<\/li>\n<li>Der Benutzer kann die Cookie-Einstellungen in seinem Browser \u00e4ndern.<\/li>\n<li>Beschr\u00e4nkungen k\u00f6nnen den Betrieb der Website beeintr\u00e4chtigen.<\/li>\n<li>Cookies k\u00f6nnen von Google, Facebook und Twitter verwendet werden.<\/li>\n<\/ol>\n<h2><strong>9. Cookie-Verwaltung &#8211; wie wird die Zustimmung in der Praxis erteilt und zur\u00fcckgezogen?<\/strong><\/h2>\n<ol>\n<li>Der Benutzer kann die Einstellungen seines Browsers \u00e4ndern, um Cookies zu blockieren.<\/li>\n<li>Anweisungen f\u00fcr Browser:\n<ul>\n<li><a href=\"https:\/\/support.microsoft.com\/pl-pl\/help\/10607\/microsoft-edge-view-delete-browser-history\">Rand<\/a><\/li>\n<li><a href=\"https:\/\/support.microsoft.com\/pl-pl\/help\/278835\/how-to-delete-cookie-files-in-internet-explorer\">Internet Explorer<\/a><\/li>\n<li><a href=\"http:\/\/support.google.com\/chrome\/bin\/answer.py?hl=pl&amp;answer=95647\">Chrom<\/a><\/li>\n<li><a href=\"http:\/\/support.apple.com\/kb\/PH5042\">Safari<\/a><\/li>\n<li><a href=\"http:\/\/support.mozilla.org\/pl\/kb\/W%C5%82%C4%85czanie%20i%20wy%C5%82%C4%85czanie%20obs%C5%82ugi%20ciasteczek\">Firefox<\/a><\/li>\n<li><a href=\"http:\/\/help.opera.com\/Windows\/12.10\/pl\/cookies.html\">Oper<\/a><\/li>\n<\/ul>\n<p>Mobile Ger\u00e4te:<\/p>\n<ul>\n<li><a href=\"http:\/\/support.google.com\/chrome\/bin\/answer.py?hl=pl&amp;answer=95647\">Android<\/a><\/li>\n<li><a href=\"http:\/\/support.apple.com\/kb\/HT1677?viewlocale=pl_PL\">Safari (iOS)<\/a><\/li>\n<li><a href=\"http:\/\/www.windowsphone.com\/pl-pl\/how-to\/wp7\/web\/changing-privacy-and-other-browser-settings\">Windows Phone<\/a><\/li>\n<\/ul>\n<\/li>\n<\/ol>\n<p>Diese Musterpolice wurde kostenlos zu Informationszwecken erstellt und basiert auf dem Wissensstand, der Branchenpraxis und der geltenden Gesetzgebung vom 14.08.2018. Eine individuelle Anpassung des Dokuments und eine rechtliche Beratung werden empfohlen. Wir sind nicht verantwortlich f\u00fcr die Folgen der Verwendung des Dokuments.  <\/p>\n","protected":false},"excerpt":{"rendered":"<p>Datum des Inkrafttretens: 07-Mar-2024 Letzte Aktualisierung: 07-Mar-2024 Was sind Cookies? Diese Cookie-Richtlinie erkl\u00e4rt, was Cookies sind und wie wir sie verwenden, welche Arten von Cookies wir verwenden, d.h. welche Informationen wir durch Cookies sammeln und wie diese Informationen verwendet werden, und wie Sie Ihre Cookie-Einstellungen verwalten k\u00f6nnen. Cookies sind kleine Textdateien, die dazu dienen, kleine [&hellip;]<\/p>\n","protected":false},"author":1,"featured_media":0,"parent":0,"menu_order":0,"comment_status":"closed","ping_status":"closed","template":"","meta":{"_acf_changed":false,"inline_featured_image":false,"footnotes":""},"class_list":["post-2010","page","type-page","status-publish","hentry"],"acf":[],"yoast_head":"<!-- This site is optimized with the Yoast SEO plugin v25.5 - https:\/\/yoast.com\/wordpress\/plugins\/seo\/ -->\n<title>Datenschutzbestimmungen | Spot-On Welding<\/title>\n<meta name=\"robots\" content=\"index, follow, max-snippet:-1, max-image-preview:large, max-video-preview:-1\" \/>\n<link rel=\"canonical\" href=\"https:\/\/weldedstructures.eu\/de\/datenschutzbestimmungen\/\" \/>\n<meta property=\"og:locale\" content=\"de_DE\" \/>\n<meta property=\"og:type\" content=\"article\" \/>\n<meta property=\"og:title\" content=\"Datenschutzbestimmungen | Spot-On Welding\" \/>\n<meta property=\"og:description\" content=\"Datum des Inkrafttretens: 07-Mar-2024 Letzte Aktualisierung: 07-Mar-2024 Was sind Cookies? Diese Cookie-Richtlinie erkl\u00e4rt, was Cookies sind und wie wir sie verwenden, welche Arten von Cookies wir verwenden, d.h. welche Informationen wir durch Cookies sammeln und wie diese Informationen verwendet werden, und wie Sie Ihre Cookie-Einstellungen verwalten k\u00f6nnen. Cookies sind kleine Textdateien, die dazu dienen, kleine [&hellip;]\" \/>\n<meta property=\"og:url\" content=\"https:\/\/weldedstructures.eu\/de\/datenschutzbestimmungen\/\" \/>\n<meta property=\"og:site_name\" content=\"Spot-On Welding\" \/>\n<meta property=\"og:image\" content=\"https:\/\/weldedstructures.eu\/wp-content\/uploads\/2025\/06\/Favicon-black-48.png\" \/>\n\t<meta property=\"og:image:width\" content=\"48\" \/>\n\t<meta property=\"og:image:height\" content=\"48\" \/>\n\t<meta property=\"og:image:type\" content=\"image\/png\" \/>\n<meta name=\"twitter:card\" content=\"summary_large_image\" \/>\n<meta name=\"twitter:label1\" content=\"Gesch\u00e4tzte Lesezeit\" \/>\n\t<meta name=\"twitter:data1\" content=\"5\u00a0Minuten\" \/>\n<script type=\"application\/ld+json\" class=\"yoast-schema-graph\">{\"@context\":\"https:\/\/schema.org\",\"@graph\":[{\"@type\":\"WebPage\",\"@id\":\"https:\/\/weldedstructures.eu\/de\/datenschutzbestimmungen\/\",\"url\":\"https:\/\/weldedstructures.eu\/de\/datenschutzbestimmungen\/\",\"name\":\"Datenschutzbestimmungen | Spot-On Welding\",\"isPartOf\":{\"@id\":\"https:\/\/weldedstructures.eu\/de\/#website\"},\"datePublished\":\"2025-11-13T06:43:20+00:00\",\"breadcrumb\":{\"@id\":\"https:\/\/weldedstructures.eu\/de\/datenschutzbestimmungen\/#breadcrumb\"},\"inLanguage\":\"de\",\"potentialAction\":[{\"@type\":\"ReadAction\",\"target\":[\"https:\/\/weldedstructures.eu\/de\/datenschutzbestimmungen\/\"]}]},{\"@type\":\"BreadcrumbList\",\"@id\":\"https:\/\/weldedstructures.eu\/de\/datenschutzbestimmungen\/#breadcrumb\",\"itemListElement\":[{\"@type\":\"ListItem\",\"position\":1,\"name\":\"Startseite\",\"item\":\"https:\/\/weldedstructures.eu\/de\/homepage\/\"},{\"@type\":\"ListItem\",\"position\":2,\"name\":\"Datenschutzbestimmungen\"}]},{\"@type\":\"WebSite\",\"@id\":\"https:\/\/weldedstructures.eu\/de\/#website\",\"url\":\"https:\/\/weldedstructures.eu\/de\/\",\"name\":\"Spot-On Welding Sp. z o.o.\",\"description\":\"\",\"publisher\":{\"@id\":\"https:\/\/weldedstructures.eu\/de\/#organization\"},\"potentialAction\":[{\"@type\":\"SearchAction\",\"target\":{\"@type\":\"EntryPoint\",\"urlTemplate\":\"https:\/\/weldedstructures.eu\/de\/?s={search_term_string}\"},\"query-input\":{\"@type\":\"PropertyValueSpecification\",\"valueRequired\":true,\"valueName\":\"search_term_string\"}}],\"inLanguage\":\"de\"},{\"@type\":\"Organization\",\"@id\":\"https:\/\/weldedstructures.eu\/de\/#organization\",\"name\":\"Spot-On Welding Sp. z o.o.\",\"url\":\"https:\/\/weldedstructures.eu\/de\/\",\"logo\":{\"@type\":\"ImageObject\",\"inLanguage\":\"de\",\"@id\":\"https:\/\/weldedstructures.eu\/de\/#\/schema\/logo\/image\/\",\"url\":\"https:\/\/weldedstructures.eu\/wp-content\/uploads\/2025\/06\/Favicon-black-48.png\",\"contentUrl\":\"https:\/\/weldedstructures.eu\/wp-content\/uploads\/2025\/06\/Favicon-black-48.png\",\"width\":48,\"height\":48,\"caption\":\"Spot-On Welding Sp. z o.o.\"},\"image\":{\"@id\":\"https:\/\/weldedstructures.eu\/de\/#\/schema\/logo\/image\/\"}}]}<\/script>\n<!-- \/ Yoast SEO plugin. -->","yoast_head_json":{"title":"Datenschutzbestimmungen | Spot-On Welding","robots":{"index":"index","follow":"follow","max-snippet":"max-snippet:-1","max-image-preview":"max-image-preview:large","max-video-preview":"max-video-preview:-1"},"canonical":"https:\/\/weldedstructures.eu\/de\/datenschutzbestimmungen\/","og_locale":"de_DE","og_type":"article","og_title":"Datenschutzbestimmungen | Spot-On Welding","og_description":"Datum des Inkrafttretens: 07-Mar-2024 Letzte Aktualisierung: 07-Mar-2024 Was sind Cookies? Diese Cookie-Richtlinie erkl\u00e4rt, was Cookies sind und wie wir sie verwenden, welche Arten von Cookies wir verwenden, d.h. welche Informationen wir durch Cookies sammeln und wie diese Informationen verwendet werden, und wie Sie Ihre Cookie-Einstellungen verwalten k\u00f6nnen. Cookies sind kleine Textdateien, die dazu dienen, kleine [&hellip;]","og_url":"https:\/\/weldedstructures.eu\/de\/datenschutzbestimmungen\/","og_site_name":"Spot-On Welding","og_image":[{"width":48,"height":48,"url":"https:\/\/weldedstructures.eu\/wp-content\/uploads\/2025\/06\/Favicon-black-48.png","type":"image\/png"}],"twitter_card":"summary_large_image","twitter_misc":{"Gesch\u00e4tzte Lesezeit":"5\u00a0Minuten"},"schema":{"@context":"https:\/\/schema.org","@graph":[{"@type":"WebPage","@id":"https:\/\/weldedstructures.eu\/de\/datenschutzbestimmungen\/","url":"https:\/\/weldedstructures.eu\/de\/datenschutzbestimmungen\/","name":"Datenschutzbestimmungen | Spot-On Welding","isPartOf":{"@id":"https:\/\/weldedstructures.eu\/de\/#website"},"datePublished":"2025-11-13T06:43:20+00:00","breadcrumb":{"@id":"https:\/\/weldedstructures.eu\/de\/datenschutzbestimmungen\/#breadcrumb"},"inLanguage":"de","potentialAction":[{"@type":"ReadAction","target":["https:\/\/weldedstructures.eu\/de\/datenschutzbestimmungen\/"]}]},{"@type":"BreadcrumbList","@id":"https:\/\/weldedstructures.eu\/de\/datenschutzbestimmungen\/#breadcrumb","itemListElement":[{"@type":"ListItem","position":1,"name":"Startseite","item":"https:\/\/weldedstructures.eu\/de\/homepage\/"},{"@type":"ListItem","position":2,"name":"Datenschutzbestimmungen"}]},{"@type":"WebSite","@id":"https:\/\/weldedstructures.eu\/de\/#website","url":"https:\/\/weldedstructures.eu\/de\/","name":"Spot-On Welding Sp. z o.o.","description":"","publisher":{"@id":"https:\/\/weldedstructures.eu\/de\/#organization"},"potentialAction":[{"@type":"SearchAction","target":{"@type":"EntryPoint","urlTemplate":"https:\/\/weldedstructures.eu\/de\/?s={search_term_string}"},"query-input":{"@type":"PropertyValueSpecification","valueRequired":true,"valueName":"search_term_string"}}],"inLanguage":"de"},{"@type":"Organization","@id":"https:\/\/weldedstructures.eu\/de\/#organization","name":"Spot-On Welding Sp. z o.o.","url":"https:\/\/weldedstructures.eu\/de\/","logo":{"@type":"ImageObject","inLanguage":"de","@id":"https:\/\/weldedstructures.eu\/de\/#\/schema\/logo\/image\/","url":"https:\/\/weldedstructures.eu\/wp-content\/uploads\/2025\/06\/Favicon-black-48.png","contentUrl":"https:\/\/weldedstructures.eu\/wp-content\/uploads\/2025\/06\/Favicon-black-48.png","width":48,"height":48,"caption":"Spot-On Welding Sp. z o.o."},"image":{"@id":"https:\/\/weldedstructures.eu\/de\/#\/schema\/logo\/image\/"}}]}},"_links":{"self":[{"href":"https:\/\/weldedstructures.eu\/de\/wp-json\/wp\/v2\/pages\/2010","targetHints":{"allow":["GET"]}}],"collection":[{"href":"https:\/\/weldedstructures.eu\/de\/wp-json\/wp\/v2\/pages"}],"about":[{"href":"https:\/\/weldedstructures.eu\/de\/wp-json\/wp\/v2\/types\/page"}],"author":[{"embeddable":true,"href":"https:\/\/weldedstructures.eu\/de\/wp-json\/wp\/v2\/users\/1"}],"replies":[{"embeddable":true,"href":"https:\/\/weldedstructures.eu\/de\/wp-json\/wp\/v2\/comments?post=2010"}],"version-history":[{"count":0,"href":"https:\/\/weldedstructures.eu\/de\/wp-json\/wp\/v2\/pages\/2010\/revisions"}],"wp:attachment":[{"href":"https:\/\/weldedstructures.eu\/de\/wp-json\/wp\/v2\/media?parent=2010"}],"curies":[{"name":"wp","href":"https:\/\/api.w.org\/{rel}","templated":true}]}}