{"id":1307,"date":"2025-10-21T12:33:19","date_gmt":"2025-10-21T10:33:19","guid":{"rendered":"https:\/\/weldedstructures.eu\/cookies\/"},"modified":"2025-11-12T14:38:56","modified_gmt":"2025-11-12T13:38:56","slug":"cookies","status":"publish","type":"page","link":"https:\/\/weldedstructures.eu\/de\/cookies\/","title":{"rendered":"Cookies"},"content":{"rendered":"<h1 class=\"cookie-policy-h1\">Cookie-Richtlinie<\/h1>\n<div class=\"cookie-policy-date-container\">\n<p>Datum des Inkrafttretens: 21. Oktober 2025<\/p>\n<p>Letzte Aktualisierung: 21. Oktober 2025<\/p>\n<\/div>\n<p>&nbsp;<\/p>\n<h2>Was sind Cookies?<\/h2>\n<div class=\"cookie-policy-p\">\n<p>Diese Cookie-Richtlinie erkl\u00e4rt, was Cookies sind, wie wir sie verwenden, welche Arten von Cookies wir verwenden (d.h. welche Informationen wir durch Cookies sammeln und wie sie verwendet werden) und wie Sie Ihre Cookie-Einstellungen verwalten k\u00f6nnen.<\/p>\n<p>Cookies sind kleine Textdateien, die dazu dienen, kleine Informationen zu speichern. Sie werden auf Ihrem Ger\u00e4t gespeichert, wenn Sie eine Webseite in Ihrem Browser laden. Diese Cookies tragen dazu bei, dass die Website ordnungsgem\u00e4\u00df funktioniert, erh\u00f6hen die Sicherheit, verbessern die Benutzerfreundlichkeit und erm\u00f6glichen Leistungsanalysen, um festzustellen, was gut funktioniert und was verbessert werden muss.  <\/p>\n<\/div>\n<p>&nbsp;<\/p>\n<h2>Wie verwenden wir Cookies?<\/h2>\n<div class=\"cookie-policy-p\">\n<p>Wie die meisten Websites verwendet auch unsere Website sowohl eigene (First-Party) als auch externe (Third-Party) Cookies f\u00fcr verschiedene Zwecke. Eigene Cookies sind haupts\u00e4chlich f\u00fcr das ordnungsgem\u00e4\u00dfe Funktionieren der Website erforderlich und erfassen keine pers\u00f6nlich identifizierbaren Informationen \u00fcber Sie. <\/p>\n<p>Externe Cookies, die auf unserer Website verwendet werden, helfen uns haupts\u00e4chlich dabei, die Funktionsweise der Website zu verstehen, Benutzerinteraktionen zu verfolgen, die Sicherheit des Dienstes zu gew\u00e4hrleisten, relevante Werbung zu liefern und die allgemeine Benutzererfahrung zu verbessern, indem zuk\u00fcnftige Interaktionen mit der Website beschleunigt werden.<\/p>\n<\/div>\n<p>&nbsp;<\/p>\n<h2>Verwendete Arten von Cookies<\/h2>\n<div class=\"cky-audit-table-element\"><\/div>\n<p>&nbsp;<\/p>\n<h2 style=\"margin-bottom: 20px;\">Cookie-Einstellungen verwalten<\/h2>\n<p><a class=\"cky-banner-element\">Pr\u00e4ferenzen f\u00fcr die Zustimmung<\/a><\/p>\n<div>\n<p>Sie k\u00f6nnen Ihre Cookie-Einstellungen jederzeit \u00e4ndern, indem Sie oben auf die Schaltfl\u00e4che &#8218;Zustimmungseinstellungen&#8216; klicken. Dadurch k\u00f6nnen Sie das Cookie-Einwilligungsbanner erneut anzeigen und Ihre Einstellungen aktualisieren oder Ihre Einwilligung sofort widerrufen. <\/p>\n<p>Au\u00dferdem bieten verschiedene Browser unterschiedliche M\u00f6glichkeiten zum Blockieren und L\u00f6schen von Cookies, die von Websites verwendet werden. Sie k\u00f6nnen Ihre Browsereinstellungen anpassen, um Cookies zu blockieren oder zu l\u00f6schen. Nachfolgend finden Sie Links zur Hilfedokumentation f\u00fcr die wichtigsten Webbrowser:  <\/p>\n<p>Chrom: <a href=\"https:\/\/support.google.com\/accounts\/answer\/32050\" target=\"_blank\" rel=\"noopener noreferrer\">https:\/\/support.google.com\/accounts\/answer\/32050<\/a><\/p>\n<p>Safari: <a href=\"https:\/\/support.apple.com\/en-in\/guide\/safari\/sfri11471\/mac\" target=\"_blank\" rel=\"noopener noreferrer\">https:\/\/support.apple.com\/en-in\/guide\/safari\/sfri11471\/mac<\/a><\/p>\n<p>Firefox: <a href=\"https:\/\/support.mozilla.org\/en-US\/kb\/clear-cookies-and-site-data-firefox?redirectslug=delete-cookies-remove-info-websites-stored&amp;redirectlocale=en-US\" target=\"_blank\" rel=\"noopener noreferrer\">https:\/\/support.mozilla.org\/en-US\/kb\/clear-cookies-and-site-data-firefox?redirectslug=delete-cookies-remove-info-websites-stored&amp;redirectlocale=en-US<\/a><\/p>\n<p>Internet Explorer: <a href=\"https:\/\/support.microsoft.com\/en-us\/topic\/how-to-delete-cookie-files-in-internet-explorer-bca9446f-d873-78de-77ba-d42645fa52fc\" target=\"_blank\" rel=\"noopener noreferrer\">https:\/\/support.microsoft.com\/en-us\/topic\/how-to-delete-cookie-files-in-internet-explorer-bca9446f-d873-78de-77ba-d42645fa52fc<\/a><\/p>\n<p>Wenn Sie einen anderen Browser verwenden, lesen Sie bitte dessen offizielle Support-Dokumentation.<\/p>\n<\/div>\n<p>&nbsp;<\/p>\n<p class=\"cookie-policy-p\"><a href=\"https:\/\/www.cookieyes.com\/?utm_source=CP&amp;utm_medium=footer&amp;utm_campaign=UW\" target=\"_blank\" rel=\"noopener noreferrer\">Cookie-Richtlinie generiert von CookieYes &#8211; Cookie-Richtlinien-Generator<\/a><\/p>\n<p><!-- End CookieYes cookie policy --><\/p>\n","protected":false},"excerpt":{"rendered":"<p>Cookie-Richtlinie Datum des Inkrafttretens: 21. Oktober 2025 Letzte Aktualisierung: 21. Oktober 2025 &nbsp; Was sind Cookies? Diese Cookie-Richtlinie erkl\u00e4rt, was Cookies sind, wie wir sie verwenden, welche Arten von Cookies wir verwenden (d.h. welche Informationen wir durch Cookies sammeln und wie sie verwendet werden) und wie Sie Ihre Cookie-Einstellungen verwalten k\u00f6nnen. Cookies sind kleine Textdateien, [&hellip;]<\/p>\n","protected":false},"author":1,"featured_media":0,"parent":0,"menu_order":0,"comment_status":"closed","ping_status":"closed","template":"","meta":{"_acf_changed":false,"inline_featured_image":false,"footnotes":""},"class_list":["post-1307","page","type-page","status-publish","hentry"],"acf":[],"yoast_head":"<!-- This site is optimized with the Yoast SEO plugin v25.5 - https:\/\/yoast.com\/wordpress\/plugins\/seo\/ -->\n<title>Cookies | Spot-On Welding<\/title>\n<meta name=\"robots\" content=\"noindex, nofollow\" \/>\n<meta property=\"og:locale\" content=\"de_DE\" \/>\n<meta property=\"og:type\" content=\"article\" \/>\n<meta property=\"og:title\" content=\"Cookies | Spot-On Welding\" \/>\n<meta property=\"og:description\" content=\"Cookie-Richtlinie Datum des Inkrafttretens: 21. Oktober 2025 Letzte Aktualisierung: 21. Oktober 2025 &nbsp; Was sind Cookies? Diese Cookie-Richtlinie erkl\u00e4rt, was Cookies sind, wie wir sie verwenden, welche Arten von Cookies wir verwenden (d.h. welche Informationen wir durch Cookies sammeln und wie sie verwendet werden) und wie Sie Ihre Cookie-Einstellungen verwalten k\u00f6nnen. Cookies sind kleine Textdateien, [&hellip;]\" \/>\n<meta property=\"og:url\" content=\"https:\/\/weldedstructures.eu\/de\/cookies\/\" \/>\n<meta property=\"og:site_name\" content=\"Spot-On Welding\" \/>\n<meta property=\"article:modified_time\" content=\"2025-11-12T13:38:56+00:00\" \/>\n<meta property=\"og:image\" content=\"https:\/\/weldedstructures.eu\/wp-content\/uploads\/2025\/06\/Favicon-black-48.png\" \/>\n\t<meta property=\"og:image:width\" content=\"48\" \/>\n\t<meta property=\"og:image:height\" content=\"48\" \/>\n\t<meta property=\"og:image:type\" content=\"image\/png\" \/>\n<meta name=\"twitter:card\" content=\"summary_large_image\" \/>\n<meta name=\"twitter:label1\" content=\"Gesch\u00e4tzte Lesezeit\" \/>\n\t<meta name=\"twitter:data1\" content=\"2\u00a0Minuten\" \/>\n<script type=\"application\/ld+json\" class=\"yoast-schema-graph\">{\"@context\":\"https:\/\/schema.org\",\"@graph\":[{\"@type\":\"WebPage\",\"@id\":\"https:\/\/weldedstructures.eu\/de\/cookies\/\",\"url\":\"https:\/\/weldedstructures.eu\/de\/cookies\/\",\"name\":\"Cookies | Spot-On Welding\",\"isPartOf\":{\"@id\":\"https:\/\/weldedstructures.eu\/de\/#website\"},\"datePublished\":\"2025-10-21T10:33:19+00:00\",\"dateModified\":\"2025-11-12T13:38:56+00:00\",\"breadcrumb\":{\"@id\":\"https:\/\/weldedstructures.eu\/de\/cookies\/#breadcrumb\"},\"inLanguage\":\"de\",\"potentialAction\":[{\"@type\":\"ReadAction\",\"target\":[\"https:\/\/weldedstructures.eu\/de\/cookies\/\"]}]},{\"@type\":\"BreadcrumbList\",\"@id\":\"https:\/\/weldedstructures.eu\/de\/cookies\/#breadcrumb\",\"itemListElement\":[{\"@type\":\"ListItem\",\"position\":1,\"name\":\"Startseite\",\"item\":\"https:\/\/weldedstructures.eu\/de\/homepage\/\"},{\"@type\":\"ListItem\",\"position\":2,\"name\":\"Cookies\"}]},{\"@type\":\"WebSite\",\"@id\":\"https:\/\/weldedstructures.eu\/de\/#website\",\"url\":\"https:\/\/weldedstructures.eu\/de\/\",\"name\":\"Spot-On Welding Sp. z o.o.\",\"description\":\"\",\"publisher\":{\"@id\":\"https:\/\/weldedstructures.eu\/de\/#organization\"},\"potentialAction\":[{\"@type\":\"SearchAction\",\"target\":{\"@type\":\"EntryPoint\",\"urlTemplate\":\"https:\/\/weldedstructures.eu\/de\/?s={search_term_string}\"},\"query-input\":{\"@type\":\"PropertyValueSpecification\",\"valueRequired\":true,\"valueName\":\"search_term_string\"}}],\"inLanguage\":\"de\"},{\"@type\":\"Organization\",\"@id\":\"https:\/\/weldedstructures.eu\/de\/#organization\",\"name\":\"Spot-On Welding Sp. z o.o.\",\"url\":\"https:\/\/weldedstructures.eu\/de\/\",\"logo\":{\"@type\":\"ImageObject\",\"inLanguage\":\"de\",\"@id\":\"https:\/\/weldedstructures.eu\/de\/#\/schema\/logo\/image\/\",\"url\":\"https:\/\/weldedstructures.eu\/wp-content\/uploads\/2025\/06\/Favicon-black-48.png\",\"contentUrl\":\"https:\/\/weldedstructures.eu\/wp-content\/uploads\/2025\/06\/Favicon-black-48.png\",\"width\":48,\"height\":48,\"caption\":\"Spot-On Welding Sp. z o.o.\"},\"image\":{\"@id\":\"https:\/\/weldedstructures.eu\/de\/#\/schema\/logo\/image\/\"}}]}<\/script>\n<!-- \/ Yoast SEO plugin. -->","yoast_head_json":{"title":"Cookies | Spot-On Welding","robots":{"index":"noindex","follow":"nofollow"},"og_locale":"de_DE","og_type":"article","og_title":"Cookies | Spot-On Welding","og_description":"Cookie-Richtlinie Datum des Inkrafttretens: 21. Oktober 2025 Letzte Aktualisierung: 21. Oktober 2025 &nbsp; Was sind Cookies? Diese Cookie-Richtlinie erkl\u00e4rt, was Cookies sind, wie wir sie verwenden, welche Arten von Cookies wir verwenden (d.h. welche Informationen wir durch Cookies sammeln und wie sie verwendet werden) und wie Sie Ihre Cookie-Einstellungen verwalten k\u00f6nnen. Cookies sind kleine Textdateien, [&hellip;]","og_url":"https:\/\/weldedstructures.eu\/de\/cookies\/","og_site_name":"Spot-On Welding","article_modified_time":"2025-11-12T13:38:56+00:00","og_image":[{"width":48,"height":48,"url":"https:\/\/weldedstructures.eu\/wp-content\/uploads\/2025\/06\/Favicon-black-48.png","type":"image\/png"}],"twitter_card":"summary_large_image","twitter_misc":{"Gesch\u00e4tzte Lesezeit":"2\u00a0Minuten"},"schema":{"@context":"https:\/\/schema.org","@graph":[{"@type":"WebPage","@id":"https:\/\/weldedstructures.eu\/de\/cookies\/","url":"https:\/\/weldedstructures.eu\/de\/cookies\/","name":"Cookies | Spot-On Welding","isPartOf":{"@id":"https:\/\/weldedstructures.eu\/de\/#website"},"datePublished":"2025-10-21T10:33:19+00:00","dateModified":"2025-11-12T13:38:56+00:00","breadcrumb":{"@id":"https:\/\/weldedstructures.eu\/de\/cookies\/#breadcrumb"},"inLanguage":"de","potentialAction":[{"@type":"ReadAction","target":["https:\/\/weldedstructures.eu\/de\/cookies\/"]}]},{"@type":"BreadcrumbList","@id":"https:\/\/weldedstructures.eu\/de\/cookies\/#breadcrumb","itemListElement":[{"@type":"ListItem","position":1,"name":"Startseite","item":"https:\/\/weldedstructures.eu\/de\/homepage\/"},{"@type":"ListItem","position":2,"name":"Cookies"}]},{"@type":"WebSite","@id":"https:\/\/weldedstructures.eu\/de\/#website","url":"https:\/\/weldedstructures.eu\/de\/","name":"Spot-On Welding Sp. z o.o.","description":"","publisher":{"@id":"https:\/\/weldedstructures.eu\/de\/#organization"},"potentialAction":[{"@type":"SearchAction","target":{"@type":"EntryPoint","urlTemplate":"https:\/\/weldedstructures.eu\/de\/?s={search_term_string}"},"query-input":{"@type":"PropertyValueSpecification","valueRequired":true,"valueName":"search_term_string"}}],"inLanguage":"de"},{"@type":"Organization","@id":"https:\/\/weldedstructures.eu\/de\/#organization","name":"Spot-On Welding Sp. z o.o.","url":"https:\/\/weldedstructures.eu\/de\/","logo":{"@type":"ImageObject","inLanguage":"de","@id":"https:\/\/weldedstructures.eu\/de\/#\/schema\/logo\/image\/","url":"https:\/\/weldedstructures.eu\/wp-content\/uploads\/2025\/06\/Favicon-black-48.png","contentUrl":"https:\/\/weldedstructures.eu\/wp-content\/uploads\/2025\/06\/Favicon-black-48.png","width":48,"height":48,"caption":"Spot-On Welding Sp. z o.o."},"image":{"@id":"https:\/\/weldedstructures.eu\/de\/#\/schema\/logo\/image\/"}}]}},"_links":{"self":[{"href":"https:\/\/weldedstructures.eu\/de\/wp-json\/wp\/v2\/pages\/1307","targetHints":{"allow":["GET"]}}],"collection":[{"href":"https:\/\/weldedstructures.eu\/de\/wp-json\/wp\/v2\/pages"}],"about":[{"href":"https:\/\/weldedstructures.eu\/de\/wp-json\/wp\/v2\/types\/page"}],"author":[{"embeddable":true,"href":"https:\/\/weldedstructures.eu\/de\/wp-json\/wp\/v2\/users\/1"}],"replies":[{"embeddable":true,"href":"https:\/\/weldedstructures.eu\/de\/wp-json\/wp\/v2\/comments?post=1307"}],"version-history":[{"count":1,"href":"https:\/\/weldedstructures.eu\/de\/wp-json\/wp\/v2\/pages\/1307\/revisions"}],"predecessor-version":[{"id":1967,"href":"https:\/\/weldedstructures.eu\/de\/wp-json\/wp\/v2\/pages\/1307\/revisions\/1967"}],"wp:attachment":[{"href":"https:\/\/weldedstructures.eu\/de\/wp-json\/wp\/v2\/media?parent=1307"}],"curies":[{"name":"wp","href":"https:\/\/api.w.org\/{rel}","templated":true}]}}